{"id":53,"date":"2023-04-10T23:05:50","date_gmt":"2023-04-10T22:05:50","guid":{"rendered":"https:\/\/lucie.lukacovicova.cz\/?page_id=53"},"modified":"2026-04-05T12:04:45","modified_gmt":"2026-04-05T11:04:45","slug":"novinky-news","status":"publish","type":"page","link":"https:\/\/lucie.lukacovicova.cz\/?page_id=53","title":{"rendered":"novinky * news"},"content":{"rendered":"\t\t<div data-elementor-type=\"wp-page\" data-elementor-id=\"53\" class=\"elementor elementor-53\">\n\t\t\t\t\t\t<section class=\"elementor-section elementor-top-section elementor-element elementor-element-7182f84 elementor-section-height-full elementor-section-boxed elementor-section-height-default elementor-section-items-middle\" data-id=\"7182f84\" data-element_type=\"section\" data-e-type=\"section\">\n\t\t\t\t\t\t<div class=\"elementor-container elementor-column-gap-default\">\n\t\t\t\t\t<div class=\"elementor-column elementor-col-100 elementor-top-column elementor-element elementor-element-cb74a06\" data-id=\"cb74a06\" data-element_type=\"column\" data-e-type=\"column\">\n\t\t\t<div class=\"elementor-widget-wrap elementor-element-populated\">\n\t\t\t\t\t\t<section class=\"elementor-section elementor-inner-section elementor-element elementor-element-c717aa9 elementor-section-boxed elementor-section-height-default elementor-section-height-default\" data-id=\"c717aa9\" data-element_type=\"section\" data-e-type=\"section\">\n\t\t\t\t\t\t<div class=\"elementor-container elementor-column-gap-default\">\n\t\t\t\t\t<div class=\"elementor-column elementor-col-50 elementor-inner-column elementor-element elementor-element-9a73aa3\" data-id=\"9a73aa3\" data-element_type=\"column\" data-e-type=\"column\" data-settings=\"{&quot;background_background&quot;:&quot;classic&quot;}\">\n\t\t\t<div class=\"elementor-widget-wrap elementor-element-populated\">\n\t\t\t\t\t\t<div class=\"elementor-element elementor-element-b3e75d8 elementor-widget elementor-widget-shortcode\" data-id=\"b3e75d8\" data-element_type=\"widget\" data-e-type=\"widget\" data-widget_type=\"shortcode.default\">\n\t\t\t\t<div class=\"elementor-widget-container\">\n\t\t\t\t\t\t\t<div class=\"elementor-shortcode\"><ul class=\"lcp_catlist\" id=\"lcp_instance_0\"><li><a href=\"https:\/\/lucie.lukacovicova.cz\/?p=601\">Velk\u00e1 bou\u0159e v \u010cesk\u00fdch zem\u00edch * Great Storm in the Czech Lands<\/a>  05\/04\/2026<\/li><li><a href=\"https:\/\/lucie.lukacovicova.cz\/?p=586\">Vyjednava\u010d * The Negotiator<\/a>  05\/04\/2026<\/li><li><a href=\"https:\/\/lucie.lukacovicova.cz\/?p=580\">Dlouh\u00e9 st\u00edny * Long Shadows<\/a>  05\/04\/2026<\/li><li><a href=\"https:\/\/lucie.lukacovicova.cz\/?p=613\">My short stories in Italian  * I miei racconti brevi in Italiano<\/a>  05\/03\/2026<\/li><li><a href=\"https:\/\/lucie.lukacovicova.cz\/?p=629\">Dalek\u00e9 kr\u00e1lovstv\u00ed * The Faraway Kingdom<\/a>  02\/03\/2026<\/li><li><a href=\"https:\/\/lucie.lukacovicova.cz\/?p=619\">Moje p\u0159eklady filip\u00ednsk\u00fdch autor\u016f * My Translations of Filipino Authors<\/a>  05\/02\/2026<\/li><li><a href=\"https:\/\/lucie.lukacovicova.cz\/?p=565\">Portugalsk\u00e9 legendy * Portuguese Legends<\/a>  21\/05\/2025<\/li><li><a href=\"https:\/\/lucie.lukacovicova.cz\/?p=483\">Best Science Fiction on Earth<\/a>  11\/05\/2025<\/li><li><a href=\"https:\/\/lucie.lukacovicova.cz\/?p=458\">Beyond and Within: Solarpunk<\/a>  03\/01\/2025<\/li><li><a href=\"https:\/\/lucie.lukacovicova.cz\/?p=426\">Nov\u00fd samostatn\u00fd rom\u00e1n ze sv\u011bta Azylu: Chr\u00e1m Azylu<\/a>  21\/04\/2024<\/li><\/ul><\/div>\n\t\t\t\t\t\t<\/div>\n\t\t\t\t<\/div>\n\t\t\t\t\t<\/div>\n\t\t<\/div>\n\t\t\t\t<div class=\"elementor-column elementor-col-50 elementor-inner-column elementor-element elementor-element-da5712a\" data-id=\"da5712a\" data-element_type=\"column\" data-e-type=\"column\">\n\t\t\t<div class=\"elementor-widget-wrap\">\n\t\t\t\t\t\t\t<\/div>\n\t\t<\/div>\n\t\t\t\t\t<\/div>\n\t\t<\/section>\n\t\t\t\t\t<\/div>\n\t\t<\/div>\n\t\t\t\t\t<\/div>\n\t\t<\/section>\n\t\t\t\t<\/div>\n\t\t","protected":false},"excerpt":{"rendered":"","protected":false},"author":1,"featured_media":0,"parent":30,"menu_order":1,"comment_status":"closed","ping_status":"closed","template":"elementor_header_footer","meta":{"footnotes":""},"class_list":["post-53","page","type-page","status-publish","hentry"],"_links":{"self":[{"href":"https:\/\/lucie.lukacovicova.cz\/index.php?rest_route=\/wp\/v2\/pages\/53","targetHints":{"allow":["GET"]}}],"collection":[{"href":"https:\/\/lucie.lukacovicova.cz\/index.php?rest_route=\/wp\/v2\/pages"}],"about":[{"href":"https:\/\/lucie.lukacovicova.cz\/index.php?rest_route=\/wp\/v2\/types\/page"}],"author":[{"embeddable":true,"href":"https:\/\/lucie.lukacovicova.cz\/index.php?rest_route=\/wp\/v2\/users\/1"}],"replies":[{"embeddable":true,"href":"https:\/\/lucie.lukacovicova.cz\/index.php?rest_route=%2Fwp%2Fv2%2Fcomments&post=53"}],"version-history":[{"count":37,"href":"https:\/\/lucie.lukacovicova.cz\/index.php?rest_route=\/wp\/v2\/pages\/53\/revisions"}],"predecessor-version":[{"id":600,"href":"https:\/\/lucie.lukacovicova.cz\/index.php?rest_route=\/wp\/v2\/pages\/53\/revisions\/600"}],"up":[{"embeddable":true,"href":"https:\/\/lucie.lukacovicova.cz\/index.php?rest_route=\/wp\/v2\/pages\/30"}],"wp:attachment":[{"href":"https:\/\/lucie.lukacovicova.cz\/index.php?rest_route=%2Fwp%2Fv2%2Fmedia&parent=53"}],"curies":[{"name":"wp","href":"https:\/\/api.w.org\/{rel}","templated":true}]}}