{"id":30,"date":"2023-04-10T21:43:40","date_gmt":"2023-04-10T20:43:40","guid":{"rendered":"https:\/\/lucie.lukacovicova.cz\/?page_id=30"},"modified":"2026-04-05T17:49:59","modified_gmt":"2026-04-05T16:49:59","slug":"home","status":"publish","type":"page","link":"https:\/\/lucie.lukacovicova.cz\/","title":{"rendered":"Home"},"content":{"rendered":"\t\t<div data-elementor-type=\"wp-page\" data-elementor-id=\"30\" class=\"elementor elementor-30\">\n\t\t\t\t\t\t<section class=\"elementor-section elementor-top-section elementor-element elementor-element-8c3035e elementor-section-boxed elementor-section-height-default elementor-section-height-default\" data-id=\"8c3035e\" data-element_type=\"section\" data-e-type=\"section\">\n\t\t\t\t\t\t<div class=\"elementor-container elementor-column-gap-default\">\n\t\t\t\t\t<div class=\"elementor-column elementor-col-100 elementor-top-column elementor-element elementor-element-f4f1ac2\" data-id=\"f4f1ac2\" data-element_type=\"column\" data-e-type=\"column\">\n\t\t\t<div class=\"elementor-widget-wrap elementor-element-populated\">\n\t\t\t\t\t\t<section class=\"elementor-section elementor-inner-section elementor-element elementor-element-e19f4c3 elementor-section-boxed elementor-section-height-default elementor-section-height-default\" data-id=\"e19f4c3\" data-element_type=\"section\" data-e-type=\"section\">\n\t\t\t\t\t\t<div class=\"elementor-container elementor-column-gap-default\">\n\t\t\t\t\t<div class=\"elementor-column elementor-col-50 elementor-inner-column elementor-element elementor-element-4e95234\" data-id=\"4e95234\" data-element_type=\"column\" data-e-type=\"column\">\n\t\t\t<div class=\"elementor-widget-wrap elementor-element-populated\">\n\t\t\t\t\t\t<div class=\"elementor-element elementor-element-e081e2f elementor-align-left elementor-widget elementor-widget-button\" data-id=\"e081e2f\" data-element_type=\"widget\" data-e-type=\"widget\" data-widget_type=\"button.default\">\n\t\t\t\t<div class=\"elementor-widget-container\">\n\t\t\t\t\t\t\t\t\t<div class=\"elementor-button-wrapper\">\n\t\t\t\t\t<a class=\"elementor-button elementor-button-link elementor-size-md\" href=\"\/?page_id=53\">\n\t\t\t\t\t\t<span class=\"elementor-button-content-wrapper\">\n\t\t\t\t\t\t\t\t\t<span class=\"elementor-button-text\">novinky * news<\/span>\n\t\t\t\t\t<\/span>\n\t\t\t\t\t<\/a>\n\t\t\t\t<\/div>\n\t\t\t\t\t\t\t\t<\/div>\n\t\t\t\t<\/div>\n\t\t\t\t<div class=\"elementor-element elementor-element-ba8cda4 elementor-align-left elementor-widget elementor-widget-button\" data-id=\"ba8cda4\" data-element_type=\"widget\" data-e-type=\"widget\" data-widget_type=\"button.default\">\n\t\t\t\t<div class=\"elementor-widget-container\">\n\t\t\t\t\t\t\t\t\t<div class=\"elementor-button-wrapper\">\n\t\t\t\t\t<a class=\"elementor-button elementor-button-link elementor-size-md\" href=\"\/?page_id=55\">\n\t\t\t\t\t\t<span class=\"elementor-button-content-wrapper\">\n\t\t\t\t\t\t\t\t\t<span class=\"elementor-button-text\">publika\u010dn\u00ed \u010dinnost * published works<\/span>\n\t\t\t\t\t<\/span>\n\t\t\t\t\t<\/a>\n\t\t\t\t<\/div>\n\t\t\t\t\t\t\t\t<\/div>\n\t\t\t\t<\/div>\n\t\t\t\t<div class=\"elementor-element elementor-element-77a40ff elementor-align-left elementor-widget elementor-widget-button\" data-id=\"77a40ff\" data-element_type=\"widget\" data-e-type=\"widget\" data-widget_type=\"button.default\">\n\t\t\t\t<div class=\"elementor-widget-container\">\n\t\t\t\t\t\t\t\t\t<div class=\"elementor-button-wrapper\">\n\t\t\t\t\t<a class=\"elementor-button elementor-button-link elementor-size-md\" href=\"https:\/\/lucie.lukacovicova.cz\/legacy\/index.html\">\n\t\t\t\t\t\t<span class=\"elementor-button-content-wrapper\">\n\t\t\t\t\t\t\t\t\t<span class=\"elementor-button-text\">archiv * archive<\/span>\n\t\t\t\t\t<\/span>\n\t\t\t\t\t<\/a>\n\t\t\t\t<\/div>\n\t\t\t\t\t\t\t\t<\/div>\n\t\t\t\t<\/div>\n\t\t\t\t\t<\/div>\n\t\t<\/div>\n\t\t\t\t<div class=\"elementor-column elementor-col-50 elementor-inner-column elementor-element elementor-element-33bde25\" data-id=\"33bde25\" data-element_type=\"column\" data-e-type=\"column\">\n\t\t\t<div class=\"elementor-widget-wrap\">\n\t\t\t\t\t\t\t<\/div>\n\t\t<\/div>\n\t\t\t\t\t<\/div>\n\t\t<\/section>\n\t\t\t\t<div class=\"elementor-element elementor-element-698c352 elementor-widget elementor-widget-spacer\" data-id=\"698c352\" data-element_type=\"widget\" data-e-type=\"widget\" data-widget_type=\"spacer.default\">\n\t\t\t\t<div class=\"elementor-widget-container\">\n\t\t\t\t\t\t\t<div class=\"elementor-spacer\">\n\t\t\t<div class=\"elementor-spacer-inner\"><\/div>\n\t\t<\/div>\n\t\t\t\t\t\t<\/div>\n\t\t\t\t<\/div>\n\t\t\t\t<section class=\"elementor-section elementor-inner-section elementor-element elementor-element-5907002 elementor-section-boxed elementor-section-height-default elementor-section-height-default\" data-id=\"5907002\" data-element_type=\"section\" data-e-type=\"section\">\n\t\t\t\t\t\t<div class=\"elementor-container elementor-column-gap-default\">\n\t\t\t\t\t<div class=\"elementor-column elementor-col-100 elementor-inner-column elementor-element elementor-element-be59cb4\" data-id=\"be59cb4\" data-element_type=\"column\" data-e-type=\"column\" data-settings=\"{&quot;background_background&quot;:&quot;classic&quot;}\">\n\t\t\t<div class=\"elementor-widget-wrap elementor-element-populated\">\n\t\t\t\t\t\t<div class=\"elementor-element elementor-element-1c1a9c7 elementor-widget elementor-widget-text-editor\" data-id=\"1c1a9c7\" data-element_type=\"widget\" data-e-type=\"widget\" data-widget_type=\"text-editor.default\">\n\t\t\t\t<div class=\"elementor-widget-container\">\n\t\t\t\t\t\t\t\t\t<p>Autorka fantaskn\u00ed literatury (science-fiction, historick\u00e1 fantasy, m\u011bstsk\u00e1 fantasy, etc.), vystudovala kulturn\u00ed antropologii a knihovnictv\u00ed na UK. Publikovala 8 rom\u00e1n\u016f, 6 dal\u0161\u00edch se spoluautory a p\u0159es 120 pov\u00eddek. Krat\u0161\u00ed texty j\u00ed vy\u0161ly i v N\u011bmecku, USA, Rumunsku, \u010c\u00edn\u011b, Indii, Portugalsku, Polsku a It\u00e1lii. R\u00e1da cestuje a sb\u00edr\u00e1 poh\u00e1dky, stra\u0161ideln\u00e9 p\u0159\u00edb\u011bhy a lok\u00e1ln\u00ed pov\u011bsti; rovn\u011b\u017e u\u010d\u00ed tv\u016fr\u010d\u00ed psan\u00ed.<br \/>*<br \/>Award winning Czech author of speculative fiction. Gained her Master\u00b4s Degree in Librarianship a Cultural Anthropology at Charles University in Prague. Published 8 novels, another 6 novels with co-authors and over 120 short stories. Some of her short stories were published in Czech Republic, Germany, USA, Romania, China, India, Portugal, Poland and Italy. Loves travelling and collecting fairy tales, ghost stories and local legends; she also teaches creative writing.<br \/>*<br \/>FACEBOOK: <a style=\"font-weight: var( --e-global-typography-text-font-weight ); font-size: var(--wp--preset--font-size--medium);\" href=\"https:\/\/www.facebook.com\/profile.php?id=100009829981346\" target=\"_blank\" rel=\"noopener\">Lucie Sombra Luka\u010dovi\u010dov\u00e1 \u00bb<\/a><br \/><a style=\"font-weight: var( --e-global-typography-text-font-weight ); font-size: var(--wp--preset--font-size--medium);\" href=\"https:\/\/www.facebook.com\/lucie.lukacovicova.author\/\" target=\"_blank\" rel=\"noopener\">Lucie Lukacovicova Author \u00bb<\/a><br \/>INSTAGRAM: <a style=\"font-weight: var( --e-global-typography-text-font-weight ); font-size: var(--wp--preset--font-size--medium);\" href=\"https:\/\/www.instagram.com\/lucielukacovicova\/\" target=\"_blank\" rel=\"noopener\">@lucielukacovicova \u00bb<\/a><br \/>DISCORD: #lucielukacovicova<\/p>\t\t\t\t\t\t\t\t<\/div>\n\t\t\t\t<\/div>\n\t\t\t\t\t<\/div>\n\t\t<\/div>\n\t\t\t\t\t<\/div>\n\t\t<\/section>\n\t\t\t\t\t<\/div>\n\t\t<\/div>\n\t\t\t\t\t<\/div>\n\t\t<\/section>\n\t\t\t\t<\/div>\n\t\t","protected":false},"excerpt":{"rendered":"<p>novinky * news publika\u010dn\u00ed \u010dinnost * published works archiv * archive Autorka fantaskn\u00ed literatury (science-fiction, historick\u00e1 fantasy, m\u011bstsk\u00e1 fantasy, etc.), vystudovala kulturn\u00ed antropologii a knihovnictv\u00ed na UK. Publikovala 8 rom\u00e1n\u016f, 6 dal\u0161\u00edch se spoluautory a p\u0159es 120 pov\u00eddek. Krat\u0161\u00ed texty j\u00ed vy\u0161ly i v N\u011bmecku, USA, Rumunsku, \u010c\u00edn\u011b, Indii, Portugalsku, Polsku a It\u00e1lii. R\u00e1da cestuje [&hellip;]<\/p>\n","protected":false},"author":1,"featured_media":0,"parent":0,"menu_order":0,"comment_status":"closed","ping_status":"closed","template":"elementor_header_footer","meta":{"footnotes":""},"class_list":["post-30","page","type-page","status-publish","hentry"],"_links":{"self":[{"href":"https:\/\/lucie.lukacovicova.cz\/index.php?rest_route=\/wp\/v2\/pages\/30","targetHints":{"allow":["GET"]}}],"collection":[{"href":"https:\/\/lucie.lukacovicova.cz\/index.php?rest_route=\/wp\/v2\/pages"}],"about":[{"href":"https:\/\/lucie.lukacovicova.cz\/index.php?rest_route=\/wp\/v2\/types\/page"}],"author":[{"embeddable":true,"href":"https:\/\/lucie.lukacovicova.cz\/index.php?rest_route=\/wp\/v2\/users\/1"}],"replies":[{"embeddable":true,"href":"https:\/\/lucie.lukacovicova.cz\/index.php?rest_route=%2Fwp%2Fv2%2Fcomments&post=30"}],"version-history":[{"count":67,"href":"https:\/\/lucie.lukacovicova.cz\/index.php?rest_route=\/wp\/v2\/pages\/30\/revisions"}],"predecessor-version":[{"id":688,"href":"https:\/\/lucie.lukacovicova.cz\/index.php?rest_route=\/wp\/v2\/pages\/30\/revisions\/688"}],"wp:attachment":[{"href":"https:\/\/lucie.lukacovicova.cz\/index.php?rest_route=%2Fwp%2Fv2%2Fmedia&parent=30"}],"curies":[{"name":"wp","href":"https:\/\/api.w.org\/{rel}","templated":true}]}}